{"id":1314,"date":"2021-11-29T17:35:29","date_gmt":"2021-11-29T14:35:29","guid":{"rendered":"http:\/\/www.dentarose.com\/?page_id=1314"},"modified":"2022-01-22T16:10:43","modified_gmt":"2022-01-22T13:10:43","slug":"fatsa-subesi","status":"publish","type":"page","link":"https:\/\/www.dentarose.com\/?page_id=1314","title":{"rendered":"FATSA \u015eUBES\u0130"},"content":{"rendered":"\n<p><\/p>\n\n\n\n<figure class=\"wp-block-gallery columns-3 is-cropped wp-block-gallery-1 is-layout-flex wp-block-gallery-is-layout-flex\"><ul class=\"blocks-gallery-grid\"><li class=\"blocks-gallery-item\"><figure><img loading=\"lazy\" decoding=\"async\" width=\"1024\" height=\"768\" src=\"https:\/\/www.dentarose.com\/wp-content\/uploads\/fatsa-dentarose-1-1024x768.jpeg\" alt=\"\" data-id=\"1366\" data-link=\"https:\/\/www.dentarose.com\/?attachment_id=1366\" class=\"wp-image-1366\" srcset=\"https:\/\/www.dentarose.com\/wp-content\/uploads\/fatsa-dentarose-1-1024x768.jpeg 1024w, https:\/\/www.dentarose.com\/wp-content\/uploads\/fatsa-dentarose-1-300x225.jpeg 300w, https:\/\/www.dentarose.com\/wp-content\/uploads\/fatsa-dentarose-1-768x576.jpeg 768w, https:\/\/www.dentarose.com\/wp-content\/uploads\/fatsa-dentarose-1-1536x1152.jpeg 1536w, https:\/\/www.dentarose.com\/wp-content\/uploads\/fatsa-dentarose-1-1440x1080.jpeg 1440w, https:\/\/www.dentarose.com\/wp-content\/uploads\/fatsa-dentarose-1.jpeg 2048w\" sizes=\"(max-width: 1024px) 100vw, 1024px\" \/><\/figure><\/li><li class=\"blocks-gallery-item\"><figure><img loading=\"lazy\" decoding=\"async\" width=\"1024\" height=\"768\" src=\"https:\/\/www.dentarose.com\/wp-content\/uploads\/fatsa-dentarose-1-1-1024x768.jpeg\" alt=\"\" data-id=\"1368\" data-link=\"https:\/\/www.dentarose.com\/?attachment_id=1368\" class=\"wp-image-1368\" srcset=\"https:\/\/www.dentarose.com\/wp-content\/uploads\/fatsa-dentarose-1-1-1024x768.jpeg 1024w, https:\/\/www.dentarose.com\/wp-content\/uploads\/fatsa-dentarose-1-1-300x225.jpeg 300w, https:\/\/www.dentarose.com\/wp-content\/uploads\/fatsa-dentarose-1-1-768x576.jpeg 768w, https:\/\/www.dentarose.com\/wp-content\/uploads\/fatsa-dentarose-1-1-1536x1152.jpeg 1536w, https:\/\/www.dentarose.com\/wp-content\/uploads\/fatsa-dentarose-1-1-1440x1080.jpeg 1440w, https:\/\/www.dentarose.com\/wp-content\/uploads\/fatsa-dentarose-1-1.jpeg 2048w\" sizes=\"(max-width: 1024px) 100vw, 1024px\" \/><\/figure><\/li><li class=\"blocks-gallery-item\"><figure><img loading=\"lazy\" decoding=\"async\" width=\"1024\" height=\"768\" src=\"https:\/\/www.dentarose.com\/wp-content\/uploads\/fatsa-dentarose-3-1024x768.jpeg\" alt=\"\" data-id=\"1369\" data-link=\"https:\/\/www.dentarose.com\/?attachment_id=1369\" class=\"wp-image-1369\" srcset=\"https:\/\/www.dentarose.com\/wp-content\/uploads\/fatsa-dentarose-3-1024x768.jpeg 1024w, https:\/\/www.dentarose.com\/wp-content\/uploads\/fatsa-dentarose-3-300x225.jpeg 300w, https:\/\/www.dentarose.com\/wp-content\/uploads\/fatsa-dentarose-3-768x576.jpeg 768w, https:\/\/www.dentarose.com\/wp-content\/uploads\/fatsa-dentarose-3-1536x1152.jpeg 1536w, https:\/\/www.dentarose.com\/wp-content\/uploads\/fatsa-dentarose-3-1440x1080.jpeg 1440w, https:\/\/www.dentarose.com\/wp-content\/uploads\/fatsa-dentarose-3.jpeg 2048w\" sizes=\"(max-width: 1024px) 100vw, 1024px\" \/><\/figure><\/li><li class=\"blocks-gallery-item\"><figure><img loading=\"lazy\" decoding=\"async\" width=\"1024\" height=\"768\" src=\"https:\/\/www.dentarose.com\/wp-content\/uploads\/fatsa-dentarose-4-1024x768.jpeg\" alt=\"\" data-id=\"1370\" data-link=\"https:\/\/www.dentarose.com\/?attachment_id=1370\" class=\"wp-image-1370\" srcset=\"https:\/\/www.dentarose.com\/wp-content\/uploads\/fatsa-dentarose-4-1024x768.jpeg 1024w, https:\/\/www.dentarose.com\/wp-content\/uploads\/fatsa-dentarose-4-300x225.jpeg 300w, https:\/\/www.dentarose.com\/wp-content\/uploads\/fatsa-dentarose-4-768x576.jpeg 768w, https:\/\/www.dentarose.com\/wp-content\/uploads\/fatsa-dentarose-4-1536x1152.jpeg 1536w, https:\/\/www.dentarose.com\/wp-content\/uploads\/fatsa-dentarose-4-1440x1080.jpeg 1440w, https:\/\/www.dentarose.com\/wp-content\/uploads\/fatsa-dentarose-4.jpeg 2048w\" sizes=\"(max-width: 1024px) 100vw, 1024px\" \/><\/figure><\/li><li class=\"blocks-gallery-item\"><figure><img loading=\"lazy\" decoding=\"async\" width=\"768\" height=\"1024\" src=\"https:\/\/www.dentarose.com\/wp-content\/uploads\/fatsa-dentarose-5-768x1024.jpeg\" alt=\"\" data-id=\"1371\" data-link=\"https:\/\/www.dentarose.com\/?attachment_id=1371\" class=\"wp-image-1371\" srcset=\"https:\/\/www.dentarose.com\/wp-content\/uploads\/fatsa-dentarose-5-768x1024.jpeg 768w, https:\/\/www.dentarose.com\/wp-content\/uploads\/fatsa-dentarose-5-225x300.jpeg 225w, https:\/\/www.dentarose.com\/wp-content\/uploads\/fatsa-dentarose-5-1152x1536.jpeg 1152w, https:\/\/www.dentarose.com\/wp-content\/uploads\/fatsa-dentarose-5-1024x1365.jpeg 1024w, https:\/\/www.dentarose.com\/wp-content\/uploads\/fatsa-dentarose-5-810x1080.jpeg 810w, https:\/\/www.dentarose.com\/wp-content\/uploads\/fatsa-dentarose-5.jpeg 1536w\" sizes=\"(max-width: 768px) 100vw, 768px\" \/><\/figure><\/li><li class=\"blocks-gallery-item\"><figure><img loading=\"lazy\" decoding=\"async\" width=\"1024\" height=\"768\" src=\"https:\/\/www.dentarose.com\/wp-content\/uploads\/fatsa-dentarose-10-1024x768.jpeg\" alt=\"\" data-id=\"1372\" data-link=\"https:\/\/www.dentarose.com\/?attachment_id=1372\" class=\"wp-image-1372\" srcset=\"https:\/\/www.dentarose.com\/wp-content\/uploads\/fatsa-dentarose-10-1024x768.jpeg 1024w, https:\/\/www.dentarose.com\/wp-content\/uploads\/fatsa-dentarose-10-300x225.jpeg 300w, https:\/\/www.dentarose.com\/wp-content\/uploads\/fatsa-dentarose-10-768x576.jpeg 768w, https:\/\/www.dentarose.com\/wp-content\/uploads\/fatsa-dentarose-10-1536x1152.jpeg 1536w, https:\/\/www.dentarose.com\/wp-content\/uploads\/fatsa-dentarose-10-1440x1080.jpeg 1440w, https:\/\/www.dentarose.com\/wp-content\/uploads\/fatsa-dentarose-10.jpeg 2048w\" sizes=\"(max-width: 1024px) 100vw, 1024px\" \/><\/figure><\/li><li class=\"blocks-gallery-item\"><figure><img loading=\"lazy\" decoding=\"async\" width=\"1024\" height=\"768\" src=\"https:\/\/www.dentarose.com\/wp-content\/uploads\/fatsa-dentarose-8-1024x768.jpeg\" alt=\"\" data-id=\"1373\" data-full-url=\"https:\/\/www.dentarose.com\/wp-content\/uploads\/fatsa-dentarose-8.jpeg\" data-link=\"https:\/\/www.dentarose.com\/?attachment_id=1373\" class=\"wp-image-1373\" srcset=\"https:\/\/www.dentarose.com\/wp-content\/uploads\/fatsa-dentarose-8-1024x768.jpeg 1024w, https:\/\/www.dentarose.com\/wp-content\/uploads\/fatsa-dentarose-8-300x225.jpeg 300w, https:\/\/www.dentarose.com\/wp-content\/uploads\/fatsa-dentarose-8-768x576.jpeg 768w, https:\/\/www.dentarose.com\/wp-content\/uploads\/fatsa-dentarose-8-1536x1152.jpeg 1536w, https:\/\/www.dentarose.com\/wp-content\/uploads\/fatsa-dentarose-8-1440x1080.jpeg 1440w, https:\/\/www.dentarose.com\/wp-content\/uploads\/fatsa-dentarose-8.jpeg 2048w\" sizes=\"(max-width: 1024px) 100vw, 1024px\" \/><\/figure><\/li><\/ul><\/figure>\n\n\n\n<p class=\"has-luminous-vivid-orange-color has-text-color has-medium-font-size\">ADRES : <\/p>\n\n\n\n<p class=\"has-luminous-vivid-orange-color has-text-color has-medium-font-size\">SAKARYA CAD . \u0130N\u00d6N\u00dc CAD. NO:57 \/ 1  <\/p>\n\n\n\n<p class=\"has-luminous-vivid-orange-color has-text-color has-medium-font-size\">FATSA \/ ORDU<\/p>\n\n\n\n<p class=\"has-luminous-vivid-orange-color has-text-color has-medium-font-size\">DT. S\u00dcLEYMAN SA\u0130D \u015eEN<\/p>\n\n\n\n<p class=\"has-luminous-vivid-orange-color has-text-color has-medium-font-size\">TEL : 0544 130 00 52<\/p>\n","protected":false},"excerpt":{"rendered":"<p>ADRES : SAKARYA CAD . \u0130N\u00d6N\u00dc CAD. NO:57 \/ 1 FATSA \/ ORDU DT. S\u00dcLEYMAN SA\u0130D \u015eEN TEL : 0544 130 00 52<\/p>\n","protected":false},"author":1,"featured_media":0,"parent":1311,"menu_order":0,"comment_status":"closed","ping_status":"closed","template":"","meta":{"footnotes":""},"_links":{"self":[{"href":"https:\/\/www.dentarose.com\/index.php?rest_route=\/wp\/v2\/pages\/1314"}],"collection":[{"href":"https:\/\/www.dentarose.com\/index.php?rest_route=\/wp\/v2\/pages"}],"about":[{"href":"https:\/\/www.dentarose.com\/index.php?rest_route=\/wp\/v2\/types\/page"}],"author":[{"embeddable":true,"href":"https:\/\/www.dentarose.com\/index.php?rest_route=\/wp\/v2\/users\/1"}],"replies":[{"embeddable":true,"href":"https:\/\/www.dentarose.com\/index.php?rest_route=%2Fwp%2Fv2%2Fcomments&post=1314"}],"version-history":[{"count":5,"href":"https:\/\/www.dentarose.com\/index.php?rest_route=\/wp\/v2\/pages\/1314\/revisions"}],"predecessor-version":[{"id":1465,"href":"https:\/\/www.dentarose.com\/index.php?rest_route=\/wp\/v2\/pages\/1314\/revisions\/1465"}],"up":[{"embeddable":true,"href":"https:\/\/www.dentarose.com\/index.php?rest_route=\/wp\/v2\/pages\/1311"}],"wp:attachment":[{"href":"https:\/\/www.dentarose.com\/index.php?rest_route=%2Fwp%2Fv2%2Fmedia&parent=1314"}],"curies":[{"name":"wp","href":"https:\/\/api.w.org\/{rel}","templated":true}]}}