{"id":1325,"date":"2021-12-20T17:38:12","date_gmt":"2021-12-20T14:38:12","guid":{"rendered":"https:\/\/www.dentarose.com\/?page_id=1325"},"modified":"2022-01-22T17:06:28","modified_gmt":"2022-01-22T14:06:28","slug":"mesmerize","status":"publish","type":"page","link":"https:\/\/www.dentarose.com\/","title":{"rendered":"Front Page"},"content":{"rendered":"<div  id=\"features-10\" style=\"background-color: #ffffff;\" data-label=\"Features\" data-id=\"features-16-card-bordered\" data-export-id=\"features-16-card-bordered\" data-category=\"features\" class=\"features-16-card-bordered content-section content-section-spacing\"><div  class=\"gridContainer\"> <div  class=\"row text-center\"><div  class=\"section-title-col\" data-type=\"column\"> <h2  class=\"\">Teknoloji ve Mutlulu\u011fun bulu\u015ftu\u011fu noktas\u0131n\u0131z<\/h2> <p  class=\"lead\">Geli\u015fen teknoloji s\u00fcrekli takip edilerek d\u00fcnya standartlar\u0131nda koruyucu, tedavi edici ve estetik di\u015f hekimli\u011fi hizmetleri sunulmaktad\u0131r.<\/p><\/div> <\/div> <div  class=\"row spaced-cols\" data-type=\"row\"> <div  class=\"col-xs-12 col-sm-6 col-md-4\"> <div  class=\"card no-padding bordered y-move\"> <img decoding=\"async\"  class=\"face\" src=\"https:\/\/www.dentarose.com\/wp-content\/uploads\/implant.jpg\" title=\"implant\" alt=\"\"> <div  data-type=\"column\" class=\"col-padding-small col-padding-small-xs description-container\"> <h4  class=\"font-500\">IMPLANTOLOJ\u0130<\/h4> <p  class=\"\">Di\u015f implant\u0131 kron, k\u00f6pr\u00fc, find-bride.com scam hareketli di\u015f protezi, y\u00fcz protezi gibi di\u015f protezlerini desteklemek veya ortodontik tedavilerde sabit destek olarak kullanmak i\u00e7in \u00e7ene kemi\u011fi ya da kafatas\u0131 kemiklerinin i\u00e7ine cerrahi uygulama ile yerle\u015ftirilen find-bride.com scam t\u0131bbi bir \u00fcr\u00fcnd\u00fcr.<\/p><\/div> <div  data-type=\"column\" class=\"col-padding-small col-padding-small-xs read-more-container\"><a class=\"read-more\" href=\"#\" target=\"_self\" data-cp-link=\"1\" rel=\"noopener\">Detay\u0131 \u0130ncele &gt;&gt;<\/a><\/div> <\/div><\/div> <div  class=\"col-xs-12 col-sm-6 col-md-4\"><div  class=\"card no-padding bordered y-move\"> <img decoding=\"async\"  class=\"face\" src=\"https:\/\/www.dentarose.com\/wp-content\/uploads\/ortodonti.jpg\" title=\"ortodonti\" alt=\"\"> <div  data-type=\"column\" class=\"col-padding-small col-padding-small-xs description-container\"> <h4  class=\"font-500\">ORTODONT\u0130<\/h4> <p  class=\"\">Ortodontik tedavi ile di\u015f tellerini \u00e7ocuklar, gen\u00e7ler ve yeti\u015fkin tedavileri ile her ya\u015ftan bireye uygulayabiliyoruz. \u0130lk ortodonti muayenesinin 7 ya\u015f\u0131nda yap\u0131lmas\u0131 gerekti\u011fini unutmay\u0131n. E\u011fer yeti\u015fkinseniz g\u00fcl\u00fc\u015f\u00fcn\u00fcz\u00fc m\u00fckemmelle\u015ftirmek i\u00e7in ge\u00e7 kalm\u0131\u015f say\u0131lmazs\u0131n\u0131z!<\/p><\/div> <div  data-type=\"column\" class=\"col-padding-small col-padding-small-xs read-more-container\"><a class=\"read-more\" href=\"#\" target=\"_self\" data-cp-link=\"1\" rel=\"noopener\">Detay\u0131 \u0130ncele &gt;&gt;<\/a><\/div> <\/div><\/div> <div  class=\"col-xs-12 col-sm-6 col-md-4\"><div  class=\"card no-padding bordered y-move\"> <img decoding=\"async\"  class=\"face\" src=\"https:\/\/www.dentarose.com\/wp-content\/uploads\/cene-tedavi.jpg\" title=\"cene-tedavi\" alt=\"\"> <div  data-type=\"column\" class=\"col-padding-small col-padding-small-xs description-container\"> <h4  class=\"font-500\">\u00c7ENE CERRAH\u0130S\u0130<\/h4> <p  class=\"\">A\u011f\u0131z, di\u015f ve \u00e7ene cerrahisi, di\u015flerle ilgili t\u00fcm cerrahi i\u015flemler ile y\u00fcz ve \u00e7ene kemi\u011findeki t\u00fcm hastal\u0131klar\u0131n cerrahi tedavisiyle ilgilenir. A\u011f\u0131z, di\u015f ve \u00e7enedeki cerrahi i\u015flemlerin uygulanmas\u0131nda hastalar\u0131n konforu, var olan hastal\u0131klar\u0131, tedaviden duyduklar\u0131 kayg\u0131 ve korku \u00f6ncelikle dikkate al\u0131nmakta ve hastalar buna g\u00f6re tedavi edilmektedir<\/p><\/div> <div  data-type=\"column\" class=\"col-padding-small col-padding-small-xs read-more-container\"><a class=\"read-more\" href=\"#\" target=\"_self\" data-cp-link=\"1\" rel=\"noopener\">Detay\u0131 \u0130ncele &gt;&gt;<\/a><\/div> <\/div><\/div> <\/div><\/div> <\/div><div  id=\"content-13\" style=\"background-color: #f5fafd;\" data-label=\"Content\" data-id=\"content-2\" data-export-id=\"content-2\" data-category=\"content\" class=\"content-2 content-section content-section-spacing\"><div > <div  class=\"row middle-xs\"><div  class=\"col-sm-5 bg-image shadow-large-black\" data-bg=\"image\" style=\"background-image: url(&quot;https:\/\/www.dentarose.com\/wp-content\/uploads\/ortodonti.jpg&quot;);\"><\/div> <div  class=\"col-sm-7 full-col-left-padding full-col-right-padding\"> <div  class=\"row\"> <div  data-type=\"column\" class=\"space-bottom-small content-title-col\">  <h2  class=\"\">\u00c7ene Cerrahisi<\/h2> <p  class=\"\">A\u011f\u0131z, di\u015f ve \u00e7ene cerrahisi, di\u015flerle ilgili t\u00fcm cerrahi i\u015flemler ile y\u00fcz ve \u00e7ene kemi\u011findeki t\u00fcm hastal\u0131klar\u0131n cerrahi tedavisiyle ilgilenir. A\u011f\u0131z, di\u015f ve \u00e7enedeki cerrahi i\u015flemlerin uygulanmas\u0131nda hastalar\u0131n konforu, var olan hastal\u0131klar\u0131, tedaviden duyduklar\u0131 kayg\u0131 ve korku \u00f6ncelikle dikkate al\u0131nmakta ve hastalar buna g\u00f6re tedavi edilmektedir. <\/p><\/div> <\/div> <div  class=\"row spaced-cols \" data-type=\"row\">    <div  class=\"col-xs-6\" data-type=\"column\"><h5  class=\"\"><br >A\u011f\u0131z \u0130\u00e7i Yumu\u015fak Doku Lezyonlar\u0131n\u0131n Tan\u0131 ve Tedavisi<br >\u00c7ene Kemi\u011fi Patolojilerinin Tan\u0131 ve Tedavisi<br >Di\u015f \u00c7ekimleri<br >G\u00f6m\u00fcl\u00fc Di\u015f \u00c7ekimleri<br >Kist Operasyonlar\u0131<br >Dental \u0130mplantlar<br >\u0130mplant Destekli \u00c7ene-Y\u00fcz Protezleri<br >\u0130mplant \u00dcst\u00fc Protezler<br >Kemik Ogmentasyonu<br >Sinus Lifting<\/h5> <\/div> <\/div><\/div> <\/div><\/div> <\/div><div  id=\"content-14\" style=\"background-color: #ffffff;\" data-label=\"Content\" data-id=\"content-3\" data-export-id=\"content-3\" data-category=\"content\" class=\"content-3 content-section content-section-spacing\"><div > <div  class=\"row middle-xs\"><div  class=\"col-sm-7 full-col-left-padding full-col-right-padding\"> <div  class=\"row\"><div  data-type=\"column\" class=\"space-bottom-small content-title-col\">  <h2  class=\"\">Ortodonti<\/h2> <p  class=\"\">\u0130nsanlar\u0131n di\u015f dizilimindeki ve \u00e7ene yap\u0131lar\u0131ndaki bozukluk ve orant\u0131s\u0131zl\u0131klar\u0131n di\u015f telleri, di\u015fe yap\u0131\u015ft\u0131r\u0131lan braketler ve aparey olarak adland\u0131r\u0131lan uygulamalarla d\u00fczeltildi\u011fi tedavi y\u00f6ntemlerine ortodontik tedavi denilmektedir. \u00c7arp\u0131k di\u015fler bireylerin g\u00fcl\u00fc\u015flerinde en fazla rahats\u0131zl\u0131k duydu\u011fu sorunlardan biridir. <\/p><\/div> <\/div> <div  class=\"row spaced-cols\" data-type=\"row\">  <div  class=\"col-xs-6\" data-type=\"column\"><h5  class=\"\">ORTODONT\u0130 AVANTAJLARI<\/h5> <p  class=\"\">Di\u015f dizilimi ve \u00e7ene yap\u0131lar\u0131ndaki uyumsuzluklar estetik ve fonksiyonel olarak bir\u00e7ok soruna neden olmaktad\u0131r.  Fonksiyonel sorunlar\u0131n ba\u015f\u0131nda \u00e7enenin \u00e7i\u011fneme hareketini do\u011fru olarak yerine getirmemesi gelir.<\/p><\/div>   <\/div><\/div> <div  class=\"col-sm-5 bg-image shadow-large-black revert-classes-holder\" data-bg=\"image\" style=\"background-image: url(&quot;https:\/\/www.dentarose.com\/wp-content\/uploads\/dis-beyazlatci.jpg&quot;);\"><\/div><\/div> <\/div><\/div><div  id=\"portfolio-3\" style=\"background-color: #f5fafd;\" data-label=\"Portfolio\" data-id=\"portfolio-4\" data-export-id=\"portfolio-4\" data-category=\"portfolio\" class=\"portfolio-4 content-section content-section-spacing-top\"><div  class=\"\"> <div  class=\"row text-center\"><div  class=\"section-title-col\" data-type=\"column\"> <h2  class=\"\">Mutlu G\u00fcl\u00fc\u015fler, Sa\u011fl\u0131kl\u0131 Di\u015fler<\/h2> <p  class=\"lead\">Artan m\u00fc\u015fteri memnuniyeti ile sizde \u201cmutlu g\u00fcl\u00fc\u015fler, Sa\u011fl\u0131kl\u0131 Di\u015fler \u201d toplulu\u011fumuza kat\u0131l\u0131n. Gelin sizleride sa\u011fl\u0131kl\u0131 di\u015flere kavu\u015ftural\u0131m.<\/p><\/div> <\/div> <div  data-type=\"row\" class=\"row\" data-fixed=\"true\"> <div  class=\"col-xs-12 col-sm-3 no-gutter-col\"> <div  class=\"contentswap-effect\" data-hover-fx=\"portfolio-4\"> <div  class=\"initial-image\"> <img decoding=\"async\"  data-size=\"542x360\" src=\"https:\/\/www.dentarose.com\/wp-content\/uploads\/dentarose-1-1.jpg\"><\/div> <div  class=\"overlay bg-color1\"><\/div> <div  class=\"swap-inner col-xs-12\"> <div  class=\"row full-height-row middle-xs middle-sm\"> <div  class=\"col-xs-12 text-center content-holder\"> <a href=\"#\" target=\"_self\" rel=\"noopener\"><i  class=\"fa icon portfolio-icon fa-search big\" aria-hidden=\"true\"><\/i><\/a><\/div> <\/div><\/div> <\/div><\/div> <div  class=\"col-xs-12 col-sm-3 no-gutter-col\"><div  class=\"contentswap-effect\" data-hover-fx=\"portfolio-4\"> <div  class=\"initial-image\"> <img decoding=\"async\"  data-size=\"542x360\" src=\"https:\/\/www.dentarose.com\/wp-content\/uploads\/1491476013-hizmet-anasayfa.jpg\"><\/div> <div  class=\"overlay bg-color1\"><\/div> <div  class=\"swap-inner col-xs-12\"> <div  class=\"row full-height-row middle-xs middle-sm\"> <div  class=\"col-xs-12 text-center content-holder\"> <a href=\"#\" target=\"_self\" rel=\"noopener\"><i  class=\"fa icon portfolio-icon fa-search big\" aria-hidden=\"true\"><\/i><\/a><\/div> <\/div><\/div> <\/div><\/div> <div  class=\"col-xs-12 col-sm-3 no-gutter-col\"><div  class=\"contentswap-effect\" data-hover-fx=\"portfolio-4\"> <div  class=\"initial-image\"> <img decoding=\"async\"  data-size=\"542x360\" src=\"https:\/\/www.dentarose.com\/wp-content\/uploads\/implant.jpg\"><\/div> <div  class=\"overlay bg-color1\"><\/div> <div  class=\"swap-inner col-xs-12\"> <div  class=\"row full-height-row middle-xs middle-sm\"> <div  class=\"col-xs-12 text-center content-holder\"> <a href=\"#\" target=\"_self\" rel=\"noopener\"><i  class=\"fa icon portfolio-icon fa-search big\" aria-hidden=\"true\"><\/i><\/a><\/div> <\/div><\/div> <\/div><\/div> <div  class=\"col-xs-12 col-sm-3 no-gutter-col\"><div  class=\"contentswap-effect\" data-hover-fx=\"portfolio-4\"> <div  class=\"initial-image\"> <img decoding=\"async\"  data-size=\"542x360\" src=\"https:\/\/www.dentarose.com\/wp-content\/uploads\/dis-beyazlatci.jpg\"><\/div> <div  class=\"overlay bg-color1\"><\/div> <div  class=\"swap-inner col-xs-12\"> <div  class=\"row full-height-row middle-xs middle-sm\"> <div  class=\"col-xs-12 text-center content-holder\"> <a href=\"#\" target=\"_self\" rel=\"noopener\"><i  class=\"fa icon portfolio-icon fa-search big\" aria-hidden=\"true\"><\/i><\/a><\/div> <\/div><\/div> <\/div><\/div> <div  class=\"col-xs-12 col-sm-3 no-gutter-col\"><div  class=\"contentswap-effect\" data-hover-fx=\"portfolio-4\"> <div  class=\"initial-image\"> <img decoding=\"async\"  data-size=\"542x360\" src=\"https:\/\/www.dentarose.com\/wp-content\/uploads\/IMG_6752.jpg\"><\/div> <div  class=\"overlay bg-color1\"><\/div> <div  class=\"swap-inner col-xs-12\"> <div  class=\"row full-height-row middle-xs middle-sm\"> <div  class=\"col-xs-12 text-center content-holder\"> <a href=\"#\" target=\"_self\" rel=\"noopener\"><i  class=\"fa icon portfolio-icon fa-search big\" aria-hidden=\"true\"><\/i><\/a><\/div> <\/div><\/div> <\/div><\/div> <div  class=\"col-xs-12 col-sm-3 no-gutter-col\"><div  class=\"contentswap-effect\" data-hover-fx=\"portfolio-4\"> <div  class=\"initial-image\"> <img decoding=\"async\"  data-size=\"542x360\" src=\"https:\/\/www.dentarose.com\/wp-content\/uploads\/dentarose-3-1.jpg\"><\/div> <div  class=\"overlay bg-color1\"><\/div> <div  class=\"swap-inner col-xs-12\"> <div  class=\"row full-height-row middle-xs middle-sm\"> <div  class=\"col-xs-12 text-center content-holder\"> <a href=\"#\" target=\"_self\" rel=\"noopener\"><i  class=\"fa icon portfolio-icon fa-search big\" aria-hidden=\"true\"><\/i><\/a><\/div> <\/div><\/div> <\/div><\/div> <div  class=\"col-xs-12 col-sm-3 no-gutter-col\"><div  class=\"contentswap-effect\" data-hover-fx=\"portfolio-4\"> <div  class=\"initial-image\"> <img decoding=\"async\"  data-size=\"542x360\" src=\"https:\/\/www.dentarose.com\/wp-content\/uploads\/ortodonti-findikzade-fatih.jpg\"><\/div> <div  class=\"overlay bg-color1\"><\/div> <div  class=\"swap-inner col-xs-12\"> <div  class=\"row full-height-row middle-xs middle-sm\"> <div  class=\"col-xs-12 text-center content-holder\"> <a href=\"#\" target=\"_self\" rel=\"noopener\"><i  class=\"fa icon portfolio-icon fa-search big\" aria-hidden=\"true\"><\/i><\/a><\/div> <\/div><\/div> <\/div><\/div> <div  class=\"col-xs-12 col-sm-3 no-gutter-col\"><div  class=\"contentswap-effect\" data-hover-fx=\"portfolio-4\"> <div  class=\"initial-image\"> <img decoding=\"async\"  data-size=\"542x360\" src=\"https:\/\/www.dentarose.com\/wp-content\/uploads\/1491476013-hizmet-anasayfa-1.jpg\"><\/div> <div  class=\"overlay bg-color1\"><\/div> <div  class=\"swap-inner col-xs-12\"> <div  class=\"row full-height-row middle-xs middle-sm\"> <div  class=\"col-xs-12 text-center content-holder\"> <a href=\"#\" target=\"_self\" rel=\"noopener\"><i  class=\"fa icon portfolio-icon fa-search big\" aria-hidden=\"true\"><\/i><\/a><\/div> <\/div><\/div> <\/div><\/div> <\/div><\/div> <\/div><div  id=\"testimonials-5\" style=\"background-color: #ffffff;\" data-label=\"Testimonials\" data-id=\"testimonials-5\" data-export-id=\"testimonials-5\" data-category=\"testimonials\" class=\"testimonials-5 content-section content-section-spacing\"><div  class=\"gridContainer\"> <div  class=\"row\"><div  data-type=\"column\" class=\"section-title-col\"> <h2  class=\"\">Sizden Gelenler&nbsp;<\/h2> <p  class=\"lead\">sizlerin memnuniyeti bizler i\u00e7in \u00f6nemlidir. Szilere daha hizmet, Di\u015f sa\u011fl\u0131\u011f\u0131n\u0131z i\u00e7in \u00e7al\u0131\u015f\u0131yoruz.<\/p><\/div> <\/div> <div  class=\"row spaced-cols content-center-sm\" data-type=\"row\"> <div  class=\"col-sm-4\"> <div  class=\"card y-move bordered\" data-type=\"column\"> <i  class=\"fa fa-quote-right icon color1 small quotation-icon\"><\/i> <p  class=\"text-center\">\u0130lgi, Alakalar\u0131ndan ve tedavilerdeki tecr\u00fcbelerinden beni g\u00fcven hissetirdi. Sa\u011fl\u0131kl\u0131 di\u015flere kavu\u015fmak mutluluk verici ..<\/p> <img decoding=\"async\"  src=\"https:\/\/www.dentarose.com\/wp-content\/uploads\/a.jpg\" class=\"round icon\" title=\"a\" alt=\"\"> <h6  class=\"\">Ahmet \u00c7elik<\/h6> <\/div> <\/div> <div  class=\"col-sm-4\"> <div  class=\"card y-move bordered\" data-type=\"column\"> <i  class=\"fa fa-quote-right icon color1 small quotation-icon\"><\/i> <p  class=\"text-center\">Y\u00f6ntem ve Teknolojisileri beni sa\u011fl\u0131kl\u0131 di\u015flere ula\u015ft\u0131rd\u0131. Tedavi s\u00fcresince destekleri beni mennun&nbsp; etti.<\/p> <img decoding=\"async\"  src=\"https:\/\/www.dentarose.com\/wp-content\/uploads\/a.jpg\" class=\"round icon\" title=\"a\" alt=\"\"> <h6  class=\"\">Merve G\u00dcNG\u00d6RM\u00dc\u015e<\/h6> <\/div> <\/div> <div  class=\"col-sm-4\"> <div  class=\"card y-move bordered\" data-type=\"column\"> <i  class=\"fa fa-quote-right icon color1 small quotation-icon\"><\/i> <p  class=\"text-center\">Tedavi ve desteklerinden dolay\u0131 te\u015fekk\u00fcr ederim. Tedavileri olumlu.<\/p> <img decoding=\"async\"  src=\"https:\/\/www.dentarose.com\/wp-content\/uploads\/a.jpg\" class=\"round icon\" title=\"a\" alt=\"\"> <h6  class=\"\">Eda ATMACA T\u00dcRK<\/h6> <\/div> <\/div><\/div> <\/div><\/div><div  id=\"cta-1\" data-label=\"Cta\" data-id=\"cta-blue-section\" data-export-id=\"cta-blue-section\" data-category=\"cta\" class=\"cta-blue-section content-section content-section-spacing-medium bg-color1 white-text\"><div  class=\"gridContainer\"> <div  class=\"row middle-xs\"><div  class=\"col-sm-8 space-bottom-xs\" data-type=\"column\"> <h2  class=\"\">Hizmetlerimizden yararlanmak i\u00e7in sizleri bekliyoruz.<\/h2> <\/div> <div  class=\"col-sm-4 end-sm\" data-type=\"column\"> <a class=\"button color2\" href=\"https:\/\/www.dentarose.com?page_id=47\" target=\"_self\" data-cp-link=\"1\" rel=\"noopener\">RANDEVU AL .<\/a><\/div> <\/div><\/div> <\/div><div  id=\"team-2\" style=\"background-color: #ffffff;\" data-label=\"Team\" data-id=\"team-2\" data-export-id=\"team-2\" data-category=\"team\" class=\"team-2 content-section content-section-spacing\"><div  class=\"gridContainer\"> <div  class=\"row text-center\"><div  class=\"section-title-col\" data-type=\"column\"> <h2  class=\"\">Ekibimiz<\/h2> <p  class=\"lead\">Terc\u00fcbeli ve g\u00fcl\u00fcry\u00fczl\u00fc ekibimizle sizlere en iyi hizmet vermekten gurur duyar\u0131z.&nbsp;<\/p><\/div> <\/div> <div  class=\"row spaced-cols content-center-sm\" data-type=\"row\"> <div  class=\"col-sm-6 col-md-3\"> <div  class=\"card y-move no-padding bordered\"> <img decoding=\"async\"  class=\"face\" src=\"https:\/\/www.dentarose.com\/wp-content\/uploads\/cropped-gulden-001-scaled.jpg\" title=\"cropped-gulden-001.jpg\" alt=\"\"> <div  data-type=\"column\" class=\"col-padding-small col-padding-small-xs description-container\"> <h4  class=\"font-500\">Dt G\u00fclden Mut<\/h4> <p  class=\"small\" style=\"font-style: italic;\">Job Title<\/p> <div  class=\"social-icons-group\" data-type=\"group\"> <a  href=\"#\"><i  class=\"gray fa icon fa-facebook-square small\"><\/i><\/a> <a  href=\"#\"><i  class=\"gray fa icon fa-twitter-square small\"><\/i><\/a> <a  href=\"#\"><i  class=\"gray fa icon fa-linkedin-square small\"><\/i><\/a> <a  href=\"#\"><i  class=\"gray fa icon fa-google-plus-square small\"><\/i><\/a><\/div> <\/div><\/div> <\/div> <div  class=\"col-sm-6 col-md-3\"> <div  class=\"card y-move no-padding bordered\"> <img decoding=\"async\"  class=\"face\" src=\"https:\/\/www.dentarose.com\/wp-content\/uploads\/sen-2-.jpeg\" title=\"sen-2-\" alt=\"\"> <div  data-type=\"column\" class=\"col-padding-small col-padding-small-xs description-container\"> <h4  class=\"font-500\">Dt S\u00fcleyman Said \u015een<\/h4> <p  class=\"small\" style=\"font-style: italic;\">Job Title<\/p> <div  class=\"social-icons-group\" data-type=\"group\"> <a  href=\"#\"><i  class=\"gray fa icon fa-facebook-square small\"><\/i><\/a> <a  href=\"#\"><i  class=\"gray fa icon fa-twitter-square small\"><\/i><\/a> <a  href=\"#\"><i  class=\"gray fa icon fa-linkedin-square small\"><\/i><\/a> <a  href=\"#\"><i  class=\"gray fa icon fa-google-plus-square small\"><\/i><\/a><\/div> <\/div><\/div> <\/div>   <div  class=\"col-sm-6 col-md-3\"> <div  class=\"card y-move no-padding bordered\"> <img decoding=\"async\"  class=\"face\" src=\"https:\/\/www.dentarose.com\/wp-content\/uploads\/arif-aybasti.jpeg\" title=\"arif-aybasti\" alt=\"\"> <div  data-type=\"column\" class=\"col-padding-small col-padding-small-xs description-container\"> <h4  class=\"font-500\">Dt&nbsp; Arif \u015eahin<\/h4> <p  class=\"small\" style=\"font-style: italic;\">Job Title<\/p> <div  class=\"social-icons-group\" data-type=\"group\"> <a  href=\"#\"><i  class=\"gray fa icon fa-facebook-square small\"><\/i><\/a> <a  href=\"#\"><i  class=\"gray fa icon fa-twitter-square small\"><\/i><\/a> <a  href=\"#\"><i  class=\"gray fa icon fa-linkedin-square small\"><\/i><\/a> <a  href=\"#\"><i  class=\"gray fa icon fa-google-plus-square small\"><\/i><\/a><\/div> <\/div><\/div> <\/div>   <div  class=\"col-sm-6 col-md-3\"> <div  class=\"card y-move no-padding bordered\"> <img decoding=\"async\"  class=\"face\" src=\"https:\/\/www.dentarose.com\/wp-content\/uploads\/resim-yok.png\" title=\"resim-yok\" alt=\"\"> <div  data-type=\"column\" class=\"col-padding-small col-padding-small-xs description-container\"> <h4  class=\"font-500\">Dt Cemile \u015eAH\u0130N<\/h4> <p  class=\"small\" style=\"font-style: italic;\">Job Title<\/p> <div  class=\"social-icons-group\" data-type=\"group\"> <a  href=\"#\"><i  class=\"gray fa icon fa-facebook-square small\"><\/i><\/a> <a  href=\"#\"><i  class=\"gray fa icon fa-twitter-square small\"><\/i><\/a> <a  href=\"#\"><i  class=\"gray fa icon fa-linkedin-square small\"><\/i><\/a> <a  href=\"#\"><i  class=\"gray fa icon fa-google-plus-square small\"><\/i><\/a><\/div> <\/div><\/div> <\/div><\/div> <\/div><\/div><div  id=\"latest-news-1\" style=\"background-color: #f5fafd;\" data-label=\"Latest-news\" data-id=\"blog-section\" data-export-id=\"blog-section\" data-category=\"latest_news\" class=\"blog-section blog-section-standard content-section content-section-spacing\"><div  class=\"gridContainer\"> <div  class=\"row\"><div  data-type=\"column\" class=\"section-title-col\"> <h2  class=\"\">Di\u015f Sa\u011fl\u0131\u011f\u0131 ile ilgili bilmemiz gerekenler<\/h2> <p  class=\"lead\">Bu bilgiler bilginlendirme ama\u00e7l\u0131d\u0131r. Tedavilerde kullan\u0131lmaz. Geni\u015f bilgi almak i\u00e7in sizleri muayenelerimizde ve soru formuzu doldurman\u0131z yeterldiir.<\/p><\/div> <\/div> <div  class=\"row\"> <div  data-type=\"row\" data-dynamic-columns=\"handled\" data-content-shortcode=\"mesmerize_latest_news\">\t\t<div class=\"row center-sm content-left-sm\">\n\t\t\t<\/div>\n\t<\/div><\/div> <div  class=\"row\"><div  class=\"text-center\"> <a  class=\"button color1\" data-attr-shortcode=\"href:mesmerize_blog_link\" href=\"https:\/\/www.dentarose.com\/?page_id=1327\">T\u00dcM MAKALELER\u0130 OKUMAK \u0130\u00c7\u0130N TIKLAYINIZ !<\/a><\/div> <\/div><\/div><\/div>","protected":false},"excerpt":{"rendered":"<p>Teknoloji ve Mutlulu\u011fun bulu\u015ftu\u011fu noktas\u0131n\u0131z Geli\u015fen teknoloji s\u00fcrekli takip edilerek d\u00fcnya standartlar\u0131nda koruyucu, tedavi edici ve estetik di\u015f hekimli\u011fi hizmetleri sunulmaktad\u0131r. IMPLANTOLOJ\u0130 Di\u015f implant\u0131 kron, k\u00f6pr\u00fc, find-bride.com scam hareketli di\u015f protezi, y\u00fcz protezi gibi di\u015f protezlerini desteklemek veya ortodontik tedavilerde sabit destek olarak kullanmak i\u00e7in \u00e7ene kemi\u011fi ya da kafatas\u0131 kemiklerinin i\u00e7ine cerrahi uygulama ile&hellip; <br \/> <a class=\"read-more\" href=\"https:\/\/www.dentarose.com\/\">Devam\u0131<\/a><\/p>\n","protected":false},"author":1,"featured_media":0,"parent":0,"menu_order":0,"comment_status":"closed","ping_status":"closed","template":"page-templates\/homepage.php","meta":{"footnotes":""},"_links":{"self":[{"href":"https:\/\/www.dentarose.com\/index.php?rest_route=\/wp\/v2\/pages\/1325"}],"collection":[{"href":"https:\/\/www.dentarose.com\/index.php?rest_route=\/wp\/v2\/pages"}],"about":[{"href":"https:\/\/www.dentarose.com\/index.php?rest_route=\/wp\/v2\/types\/page"}],"author":[{"embeddable":true,"href":"https:\/\/www.dentarose.com\/index.php?rest_route=\/wp\/v2\/users\/1"}],"replies":[{"embeddable":true,"href":"https:\/\/www.dentarose.com\/index.php?rest_route=%2Fwp%2Fv2%2Fcomments&post=1325"}],"version-history":[{"count":24,"href":"https:\/\/www.dentarose.com\/index.php?rest_route=\/wp\/v2\/pages\/1325\/revisions"}],"predecessor-version":[{"id":1463,"href":"https:\/\/www.dentarose.com\/index.php?rest_route=\/wp\/v2\/pages\/1325\/revisions\/1463"}],"wp:attachment":[{"href":"https:\/\/www.dentarose.com\/index.php?rest_route=%2Fwp%2Fv2%2Fmedia&parent=1325"}],"curies":[{"name":"wp","href":"https:\/\/api.w.org\/{rel}","templated":true}]}}