{"id":40,"date":"2018-03-18T21:41:29","date_gmt":"2018-03-18T19:41:29","guid":{"rendered":"http:\/\/www.dentarose.com\/?page_id=40"},"modified":"2020-10-08T16:55:26","modified_gmt":"2020-10-08T13:55:26","slug":"kurumsal","status":"publish","type":"page","link":"https:\/\/www.dentarose.com\/?page_id=40","title":{"rendered":"KURUMSAL"},"content":{"rendered":"<h3>2004 y\u0131l\u0131ndan beri A\u011f\u0131z ve Di\u015f Sa\u011fl\u0131\u011f\u0131 konusunda faaliyet g\u00f6stermekteyiz. DENTAROSE, a\u011f\u0131z ve di\u015f sa\u011fl\u0131\u011f\u0131 klini\u011fi, di\u015fhekimli\u011finin t\u00fcm uzmanl\u0131k dallar\u0131n\u0131 b\u00fcnyesinde bar\u0131nd\u0131rarak, di\u015f ve di\u015feti hastal\u0131klar\u0131 tedavisi <a href=\"https:\/\/findbridecomments.net\/\" style=\"text-decoration: none; color:#333\">find-bride comments<\/a>  , cerrahi ve implantoloji, \u00e7ocuk a\u011f\u0131z ve di\u015f sa\u011fl\u0131\u011f\u0131, protez ve ortodonti gibi t\u00fcm bran\u015flarda hizmet \t<a href=\"https:\/\/find-bride.agency\/\" style=\"text-decoration: none; color:#333\">find-bride comments<\/a> vermektedir.<\/h3>\n<h3>Klini\u011fimizde &#8220;her\u015feyden \u00f6nce insan sa\u011fl\u0131\u011f\u0131&#8221; felsefesi temel kabul edilerek, sterilizasyon kurallar\u0131 en \u00fcst seviyede uygulanmaktad\u0131r. Geli\u015fen teknoloji s\u00fcrekli takip edilerek d\u00fcnya standartlar\u0131nda koruyucu, tedavi edici ve estetik di\u015f hekimli\u011fi hizmetleri sunulmaktad\u0131r.<\/h3>\n<h3>Dentarose, A\u011f\u0131z ve di\u015f sa\u011fl\u0131\u011f\u0131 klini\u011fi; rahat ve huzur verici ortam\u0131yla, g\u00fclery\u00fczl\u00fc personeliyle, uzman kadrosuyla siz de\u011ferli hastalar\u0131m\u0131za hizmet vermekte, daha g\u00fczel bir g\u00fcl\u00fcmsemeye sahip olman\u0131z\u0131 sa\u011flayarak sizleri daha mutlu ve daha sa\u011fl\u0131kl\u0131 bir ya\u015fama davet etmektedir&#8230;<\/h3>\n\n\t\t<style type=\"text\/css\">\n\t\t\t#gallery-1 {\n\t\t\t\tmargin: auto;\n\t\t\t}\n\t\t\t#gallery-1 .gallery-item {\n\t\t\t\tfloat: left;\n\t\t\t\tmargin-top: 10px;\n\t\t\t\ttext-align: center;\n\t\t\t\twidth: 20%;\n\t\t\t}\n\t\t\t#gallery-1 img {\n\t\t\t\tborder: 2px solid #cfcfcf;\n\t\t\t}\n\t\t\t#gallery-1 .gallery-caption {\n\t\t\t\tmargin-left: 0;\n\t\t\t}\n\t\t\t\/* see gallery_shortcode() in wp-includes\/media.php *\/\n\t\t<\/style>\n\t\t<div id='gallery-1' class='gallery galleryid-40 gallery-columns-5 gallery-size-medium'><dl class='gallery-item'>\n\t\t\t<dt class='gallery-icon portrait'>\n\t\t\t\t<a href='https:\/\/www.dentarose.com\/?attachment_id=183'><img loading=\"lazy\" decoding=\"async\" width=\"225\" height=\"300\" src=\"https:\/\/www.dentarose.com\/wp-content\/uploads\/dentarose_findikzade_dis_fatih-1-225x300.jpg\" class=\"attachment-medium size-medium\" alt=\"\" srcset=\"https:\/\/www.dentarose.com\/wp-content\/uploads\/dentarose_findikzade_dis_fatih-1-225x300.jpg 225w, https:\/\/www.dentarose.com\/wp-content\/uploads\/dentarose_findikzade_dis_fatih-1.jpg 338w\" sizes=\"(max-width: 225px) 100vw, 225px\" \/><\/a>\n\t\t\t<\/dt><\/dl><dl class='gallery-item'>\n\t\t\t<dt class='gallery-icon portrait'>\n\t\t\t\t<a href='https:\/\/www.dentarose.com\/?attachment_id=184'><img loading=\"lazy\" decoding=\"async\" width=\"225\" height=\"300\" src=\"https:\/\/www.dentarose.com\/wp-content\/uploads\/dentarose_findikzade_dis_fatih-2-225x300.jpg\" class=\"attachment-medium size-medium\" alt=\"\" srcset=\"https:\/\/www.dentarose.com\/wp-content\/uploads\/dentarose_findikzade_dis_fatih-2-225x300.jpg 225w, https:\/\/www.dentarose.com\/wp-content\/uploads\/dentarose_findikzade_dis_fatih-2.jpg 338w\" sizes=\"(max-width: 225px) 100vw, 225px\" \/><\/a>\n\t\t\t<\/dt><\/dl><dl class='gallery-item'>\n\t\t\t<dt class='gallery-icon portrait'>\n\t\t\t\t<a href='https:\/\/www.dentarose.com\/?attachment_id=185'><img loading=\"lazy\" decoding=\"async\" width=\"225\" height=\"300\" src=\"https:\/\/www.dentarose.com\/wp-content\/uploads\/dentarose_findikzade_dis_fatih-3-225x300.jpg\" class=\"attachment-medium size-medium\" alt=\"\" srcset=\"https:\/\/www.dentarose.com\/wp-content\/uploads\/dentarose_findikzade_dis_fatih-3-225x300.jpg 225w, https:\/\/www.dentarose.com\/wp-content\/uploads\/dentarose_findikzade_dis_fatih-3.jpg 338w\" sizes=\"(max-width: 225px) 100vw, 225px\" \/><\/a>\n\t\t\t<\/dt><\/dl><dl class='gallery-item'>\n\t\t\t<dt class='gallery-icon portrait'>\n\t\t\t\t<a href='https:\/\/www.dentarose.com\/?attachment_id=186'><img loading=\"lazy\" decoding=\"async\" width=\"225\" height=\"300\" src=\"https:\/\/www.dentarose.com\/wp-content\/uploads\/dentarose_findikzade_dis_fatih-4-225x300.jpg\" class=\"attachment-medium size-medium\" alt=\"\" srcset=\"https:\/\/www.dentarose.com\/wp-content\/uploads\/dentarose_findikzade_dis_fatih-4-225x300.jpg 225w, https:\/\/www.dentarose.com\/wp-content\/uploads\/dentarose_findikzade_dis_fatih-4.jpg 338w\" sizes=\"(max-width: 225px) 100vw, 225px\" \/><\/a>\n\t\t\t<\/dt><\/dl><dl class='gallery-item'>\n\t\t\t<dt class='gallery-icon portrait'>\n\t\t\t\t<a href='https:\/\/www.dentarose.com\/?attachment_id=187'><img loading=\"lazy\" decoding=\"async\" width=\"225\" height=\"300\" src=\"https:\/\/www.dentarose.com\/wp-content\/uploads\/dentarose_findikzade_dis_fatih-5-225x300.jpg\" class=\"attachment-medium size-medium\" alt=\"\" srcset=\"https:\/\/www.dentarose.com\/wp-content\/uploads\/dentarose_findikzade_dis_fatih-5-225x300.jpg 225w, https:\/\/www.dentarose.com\/wp-content\/uploads\/dentarose_findikzade_dis_fatih-5.jpg 338w\" sizes=\"(max-width: 225px) 100vw, 225px\" \/><\/a>\n\t\t\t<\/dt><\/dl><br style=\"clear: both\" \/><dl class='gallery-item'>\n\t\t\t<dt class='gallery-icon portrait'>\n\t\t\t\t<a href='https:\/\/www.dentarose.com\/?attachment_id=188'><img loading=\"lazy\" decoding=\"async\" width=\"225\" height=\"300\" src=\"https:\/\/www.dentarose.com\/wp-content\/uploads\/dentarose_findikzade_dis_fatih-6-225x300.jpg\" class=\"attachment-medium size-medium\" alt=\"\" srcset=\"https:\/\/www.dentarose.com\/wp-content\/uploads\/dentarose_findikzade_dis_fatih-6-225x300.jpg 225w, https:\/\/www.dentarose.com\/wp-content\/uploads\/dentarose_findikzade_dis_fatih-6.jpg 338w\" sizes=\"(max-width: 225px) 100vw, 225px\" \/><\/a>\n\t\t\t<\/dt><\/dl><dl class='gallery-item'>\n\t\t\t<dt class='gallery-icon portrait'>\n\t\t\t\t<a href='https:\/\/www.dentarose.com\/?attachment_id=189'><img loading=\"lazy\" decoding=\"async\" width=\"225\" height=\"300\" src=\"https:\/\/www.dentarose.com\/wp-content\/uploads\/dentarose_findikzade_dis_fatih-7-225x300.jpg\" class=\"attachment-medium size-medium\" alt=\"\" srcset=\"https:\/\/www.dentarose.com\/wp-content\/uploads\/dentarose_findikzade_dis_fatih-7-225x300.jpg 225w, https:\/\/www.dentarose.com\/wp-content\/uploads\/dentarose_findikzade_dis_fatih-7.jpg 338w\" sizes=\"(max-width: 225px) 100vw, 225px\" \/><\/a>\n\t\t\t<\/dt><\/dl><dl class='gallery-item'>\n\t\t\t<dt class='gallery-icon portrait'>\n\t\t\t\t<a href='https:\/\/www.dentarose.com\/?attachment_id=190'><img loading=\"lazy\" decoding=\"async\" width=\"225\" height=\"300\" src=\"https:\/\/www.dentarose.com\/wp-content\/uploads\/dentarose_findikzade_dis_fatih-8-225x300.jpg\" class=\"attachment-medium size-medium\" alt=\"\" srcset=\"https:\/\/www.dentarose.com\/wp-content\/uploads\/dentarose_findikzade_dis_fatih-8-225x300.jpg 225w, https:\/\/www.dentarose.com\/wp-content\/uploads\/dentarose_findikzade_dis_fatih-8.jpg 338w\" sizes=\"(max-width: 225px) 100vw, 225px\" \/><\/a>\n\t\t\t<\/dt><\/dl><dl class='gallery-item'>\n\t\t\t<dt class='gallery-icon portrait'>\n\t\t\t\t<a href='https:\/\/www.dentarose.com\/?attachment_id=192'><img loading=\"lazy\" decoding=\"async\" width=\"225\" height=\"300\" src=\"https:\/\/www.dentarose.com\/wp-content\/uploads\/dentarose_findikzade_dis_fatih-9-225x300.jpg\" class=\"attachment-medium size-medium\" alt=\"\" srcset=\"https:\/\/www.dentarose.com\/wp-content\/uploads\/dentarose_findikzade_dis_fatih-9-225x300.jpg 225w, https:\/\/www.dentarose.com\/wp-content\/uploads\/dentarose_findikzade_dis_fatih-9.jpg 338w\" sizes=\"(max-width: 225px) 100vw, 225px\" \/><\/a>\n\t\t\t<\/dt><\/dl><dl class='gallery-item'>\n\t\t\t<dt class='gallery-icon portrait'>\n\t\t\t\t<a href='https:\/\/www.dentarose.com\/?attachment_id=193'><img loading=\"lazy\" decoding=\"async\" width=\"225\" height=\"300\" src=\"https:\/\/www.dentarose.com\/wp-content\/uploads\/dentarose_findikzade_dis_fatih-10-225x300.jpg\" class=\"attachment-medium size-medium\" alt=\"\" srcset=\"https:\/\/www.dentarose.com\/wp-content\/uploads\/dentarose_findikzade_dis_fatih-10-225x300.jpg 225w, https:\/\/www.dentarose.com\/wp-content\/uploads\/dentarose_findikzade_dis_fatih-10.jpg 338w\" sizes=\"(max-width: 225px) 100vw, 225px\" \/><\/a>\n\t\t\t<\/dt><\/dl><br style=\"clear: both\" \/>\n\t\t<\/div>\n\n","protected":false},"excerpt":{"rendered":"<p>2004 y\u0131l\u0131ndan beri A\u011f\u0131z ve Di\u015f Sa\u011fl\u0131\u011f\u0131 konusunda faaliyet g\u00f6stermekteyiz. DENTAROSE, a\u011f\u0131z ve di\u015f sa\u011fl\u0131\u011f\u0131 klini\u011fi, di\u015fhekimli\u011finin t\u00fcm uzmanl\u0131k dallar\u0131n\u0131 b\u00fcnyesinde bar\u0131nd\u0131rarak, di\u015f ve di\u015feti hastal\u0131klar\u0131 tedavisi find-bride comments , cerrahi ve implantoloji, \u00e7ocuk a\u011f\u0131z ve di\u015f sa\u011fl\u0131\u011f\u0131, protez ve ortodonti gibi t\u00fcm bran\u015flarda hizmet find-bride comments vermektedir. Klini\u011fimizde &#8220;her\u015feyden \u00f6nce insan sa\u011fl\u0131\u011f\u0131&#8221; felsefesi temel&hellip; <br \/> <a class=\"read-more\" href=\"https:\/\/www.dentarose.com\/?page_id=40\">Devam\u0131<\/a><\/p>\n","protected":false},"author":1,"featured_media":0,"parent":0,"menu_order":1,"comment_status":"closed","ping_status":"closed","template":"","meta":{"footnotes":""},"_links":{"self":[{"href":"https:\/\/www.dentarose.com\/index.php?rest_route=\/wp\/v2\/pages\/40"}],"collection":[{"href":"https:\/\/www.dentarose.com\/index.php?rest_route=\/wp\/v2\/pages"}],"about":[{"href":"https:\/\/www.dentarose.com\/index.php?rest_route=\/wp\/v2\/types\/page"}],"author":[{"embeddable":true,"href":"https:\/\/www.dentarose.com\/index.php?rest_route=\/wp\/v2\/users\/1"}],"replies":[{"embeddable":true,"href":"https:\/\/www.dentarose.com\/index.php?rest_route=%2Fwp%2Fv2%2Fcomments&post=40"}],"version-history":[{"count":4,"href":"https:\/\/www.dentarose.com\/index.php?rest_route=\/wp\/v2\/pages\/40\/revisions"}],"predecessor-version":[{"id":265,"href":"https:\/\/www.dentarose.com\/index.php?rest_route=\/wp\/v2\/pages\/40\/revisions\/265"}],"wp:attachment":[{"href":"https:\/\/www.dentarose.com\/index.php?rest_route=%2Fwp%2Fv2%2Fmedia&parent=40"}],"curies":[{"name":"wp","href":"https:\/\/api.w.org\/{rel}","templated":true}]}}