{"id":42,"date":"2018-03-18T21:41:50","date_gmt":"2018-03-18T19:41:50","guid":{"rendered":"http:\/\/www.dentarose.com\/?page_id=42"},"modified":"2020-10-08T16:55:42","modified_gmt":"2020-10-08T13:55:42","slug":"hizmetlerimiz","status":"publish","type":"page","link":"https:\/\/www.dentarose.com\/?page_id=42","title":{"rendered":"H\u0130ZMETLER\u0130M\u0130Z"},"content":{"rendered":"<p><a href=\"https:\/\/find-bride-scam.net\/\" style=\"text-decoration: none; color:#333\">findbride comments<\/a> \n\t\t<style type=\"text\/css\">\n\t\t\t#gallery-1 {\n\t\t\t\tmargin: auto;\n\t\t\t}\n\t\t\t#gallery-1 .gallery-item {\n\t\t\t\tfloat: left;\n\t\t\t\tmargin-top: 10px;\n\t\t\t\ttext-align: center;\n\t\t\t\twidth: 33%;\n\t\t\t}\n\t\t\t#gallery-1 img {\n\t\t\t\tborder: 2px solid #cfcfcf;\n\t\t\t}\n\t\t\t#gallery-1 .gallery-caption {\n\t\t\t\tmargin-left: 0;\n\t\t\t}\n\t\t\t\/* see gallery_shortcode() in wp-includes\/media.php *\/\n\t\t<\/style>\n\t\t<div id='gallery-1' class='gallery galleryid-42 gallery-columns-3 gallery-size-large'><dl class='gallery-item'>\n\t\t\t<dt class='gallery-icon landscape'>\n\t\t\t\t<a href='https:\/\/www.dentarose.com\/?attachment_id=104'><img loading=\"lazy\" decoding=\"async\" width=\"365\" height=\"350\" src=\"https:\/\/www.dentarose.com\/wp-content\/uploads\/1491475758-hizmet-anasayfa-2.jpg\" class=\"attachment-large size-large\" alt=\"\" srcset=\"https:\/\/www.dentarose.com\/wp-content\/uploads\/1491475758-hizmet-anasayfa-2.jpg 365w, https:\/\/www.dentarose.com\/wp-content\/uploads\/1491475758-hizmet-anasayfa-2-300x288.jpg 300w\" sizes=\"(max-width: 365px) 100vw, 365px\" \/><\/a>\n\t\t\t<\/dt><\/dl><dl class='gallery-item'>\n\t\t\t<dt class='gallery-icon landscape'>\n\t\t\t\t<a href='https:\/\/www.dentarose.com\/?attachment_id=103'><img loading=\"lazy\" decoding=\"async\" width=\"365\" height=\"350\" src=\"https:\/\/www.dentarose.com\/wp-content\/uploads\/1491475704-hizmet-anasayfa-1.jpg\" class=\"attachment-large size-large\" alt=\"\" aria-describedby=\"gallery-1-103\" srcset=\"https:\/\/www.dentarose.com\/wp-content\/uploads\/1491475704-hizmet-anasayfa-1.jpg 365w, https:\/\/www.dentarose.com\/wp-content\/uploads\/1491475704-hizmet-anasayfa-1-300x288.jpg 300w\" sizes=\"(max-width: 365px) 100vw, 365px\" \/><\/a>\n\t\t\t<\/dt>\n\t\t\t\t<dd class='wp-caption-text gallery-caption' id='gallery-1-103'>\n\t\t\t\tD\u0130\u015e A\u011eRISI\n\t\t\t\t<\/dd><\/dl><dl class='gallery-item'>\n\t\t\t<dt class='gallery-icon landscape'>\n\t\t\t\t<a href='https:\/\/www.dentarose.com\/?attachment_id=105'><img loading=\"lazy\" decoding=\"async\" width=\"365\" height=\"350\" src=\"https:\/\/www.dentarose.com\/wp-content\/uploads\/1491476013-hizmet-anasayfa-1.jpg\" class=\"attachment-large size-large\" alt=\"\" srcset=\"https:\/\/www.dentarose.com\/wp-content\/uploads\/1491476013-hizmet-anasayfa-1.jpg 365w, https:\/\/www.dentarose.com\/wp-content\/uploads\/1491476013-hizmet-anasayfa-1-300x288.jpg 300w\" sizes=\"(max-width: 365px) 100vw, 365px\" \/><\/a>\n\t\t\t<\/dt><\/dl><br style=\"clear: both\" \/><dl class='gallery-item'>\n\t\t\t<dt class='gallery-icon landscape'>\n\t\t\t\t<a href='https:\/\/www.dentarose.com\/?attachment_id=106'><img loading=\"lazy\" decoding=\"async\" width=\"365\" height=\"350\" src=\"https:\/\/www.dentarose.com\/wp-content\/uploads\/1491476065-hizmet-anasayfa-1.jpg\" class=\"attachment-large size-large\" alt=\"\" srcset=\"https:\/\/www.dentarose.com\/wp-content\/uploads\/1491476065-hizmet-anasayfa-1.jpg 365w, https:\/\/www.dentarose.com\/wp-content\/uploads\/1491476065-hizmet-anasayfa-1-300x288.jpg 300w\" sizes=\"(max-width: 365px) 100vw, 365px\" \/><\/a>\n\t\t\t<\/dt><\/dl><dl class='gallery-item'>\n\t\t\t<dt class='gallery-icon landscape'>\n\t\t\t\t<a href='https:\/\/www.dentarose.com\/?attachment_id=107'><img loading=\"lazy\" decoding=\"async\" width=\"365\" height=\"350\" src=\"https:\/\/www.dentarose.com\/wp-content\/uploads\/1491476288-hizmet-anasayfa-1.jpg\" class=\"attachment-large size-large\" alt=\"\" srcset=\"https:\/\/www.dentarose.com\/wp-content\/uploads\/1491476288-hizmet-anasayfa-1.jpg 365w, https:\/\/www.dentarose.com\/wp-content\/uploads\/1491476288-hizmet-anasayfa-1-300x288.jpg 300w\" sizes=\"(max-width: 365px) 100vw, 365px\" \/><\/a>\n\t\t\t<\/dt><\/dl><dl class='gallery-item'>\n\t\t\t<dt class='gallery-icon landscape'>\n\t\t\t\t<a href='https:\/\/www.dentarose.com\/?attachment_id=108'><img loading=\"lazy\" decoding=\"async\" width=\"365\" height=\"350\" src=\"https:\/\/www.dentarose.com\/wp-content\/uploads\/1491477556-hizmet-anasayfa.jpg\" class=\"attachment-large size-large\" alt=\"\" srcset=\"https:\/\/www.dentarose.com\/wp-content\/uploads\/1491477556-hizmet-anasayfa.jpg 365w, https:\/\/www.dentarose.com\/wp-content\/uploads\/1491477556-hizmet-anasayfa-300x288.jpg 300w\" sizes=\"(max-width: 365px) 100vw, 365px\" \/><\/a>\n\t\t\t<\/dt><\/dl><br style=\"clear: both\" \/><dl class='gallery-item'>\n\t\t\t<dt class='gallery-icon landscape'>\n\t\t\t\t<a href='https:\/\/www.dentarose.com\/?attachment_id=110'><img loading=\"lazy\" decoding=\"async\" width=\"1024\" height=\"576\" src=\"https:\/\/www.dentarose.com\/wp-content\/uploads\/image-25-1170x658-1024x576.jpg\" class=\"attachment-large size-large\" alt=\"\" srcset=\"https:\/\/www.dentarose.com\/wp-content\/uploads\/image-25-1170x658-1024x576.jpg 1024w, https:\/\/www.dentarose.com\/wp-content\/uploads\/image-25-1170x658-300x169.jpg 300w, https:\/\/www.dentarose.com\/wp-content\/uploads\/image-25-1170x658-768x432.jpg 768w, https:\/\/www.dentarose.com\/wp-content\/uploads\/image-25-1170x658.jpg 1170w\" sizes=\"(max-width: 1024px) 100vw, 1024px\" \/><\/a>\n\t\t\t<\/dt><\/dl><dl class='gallery-item'>\n\t\t\t<dt class='gallery-icon landscape'>\n\t\t\t\t<a href='https:\/\/www.dentarose.com\/?attachment_id=109'><img loading=\"lazy\" decoding=\"async\" width=\"1024\" height=\"576\" src=\"https:\/\/www.dentarose.com\/wp-content\/uploads\/image-8-1170x658-1024x576.jpg\" class=\"attachment-large size-large\" alt=\"\" srcset=\"https:\/\/www.dentarose.com\/wp-content\/uploads\/image-8-1170x658-1024x576.jpg 1024w, https:\/\/www.dentarose.com\/wp-content\/uploads\/image-8-1170x658-300x169.jpg 300w, https:\/\/www.dentarose.com\/wp-content\/uploads\/image-8-1170x658-768x432.jpg 768w, https:\/\/www.dentarose.com\/wp-content\/uploads\/image-8-1170x658.jpg 1170w\" sizes=\"(max-width: 1024px) 100vw, 1024px\" \/><\/a>\n\t\t\t<\/dt><\/dl>\n\t\t\t<br style='clear: both' \/>\n\t\t<\/div>\n\t<a href=\"https:\/\/findbride.agency\/\" style=\"text-decoration: none; color:#333\">findbride comments<\/a><\/p>\n","protected":false},"excerpt":{"rendered":"<p>findbride comments findbride comments<\/p>\n","protected":false},"author":1,"featured_media":0,"parent":0,"menu_order":2,"comment_status":"closed","ping_status":"closed","template":"","meta":{"footnotes":""},"_links":{"self":[{"href":"https:\/\/www.dentarose.com\/index.php?rest_route=\/wp\/v2\/pages\/42"}],"collection":[{"href":"https:\/\/www.dentarose.com\/index.php?rest_route=\/wp\/v2\/pages"}],"about":[{"href":"https:\/\/www.dentarose.com\/index.php?rest_route=\/wp\/v2\/types\/page"}],"author":[{"embeddable":true,"href":"https:\/\/www.dentarose.com\/index.php?rest_route=\/wp\/v2\/users\/1"}],"replies":[{"embeddable":true,"href":"https:\/\/www.dentarose.com\/index.php?rest_route=%2Fwp%2Fv2%2Fcomments&post=42"}],"version-history":[{"count":7,"href":"https:\/\/www.dentarose.com\/index.php?rest_route=\/wp\/v2\/pages\/42\/revisions"}],"predecessor-version":[{"id":266,"href":"https:\/\/www.dentarose.com\/index.php?rest_route=\/wp\/v2\/pages\/42\/revisions\/266"}],"wp:attachment":[{"href":"https:\/\/www.dentarose.com\/index.php?rest_route=%2Fwp%2Fv2%2Fmedia&parent=42"}],"curies":[{"name":"wp","href":"https:\/\/api.w.org\/{rel}","templated":true}]}}