{"id":57,"date":"2018-03-18T21:58:25","date_gmt":"2018-03-18T19:58:25","guid":{"rendered":"http:\/\/www.dentarose.com\/?page_id=57"},"modified":"2020-10-08T16:55:08","modified_gmt":"2020-10-08T13:55:08","slug":"implantoloji","status":"publish","type":"page","link":"https:\/\/www.dentarose.com\/?page_id=57","title":{"rendered":"\u0130mplantoloji"},"content":{"rendered":"<p><img loading=\"lazy\" decoding=\"async\" class=\"size-medium wp-image-212 alignleft\" src=\"http:\/\/www.dentarose.com\/wp-content\/uploads\/IMG_6752-300x225.jpg\" alt=\"\" width=\"300\" height=\"225\" srcset=\"https:\/\/www.dentarose.com\/wp-content\/uploads\/IMG_6752-300x225.jpg 300w, https:\/\/www.dentarose.com\/wp-content\/uploads\/IMG_6752-768x576.jpg 768w, https:\/\/www.dentarose.com\/wp-content\/uploads\/IMG_6752-1024x768.jpg 1024w\" sizes=\"(max-width: 300px) 100vw, 300px\" \/><\/p>\n<p><a href=\"http:\/\/www.dentarose.com\/?page_id=57\"><strong>Di\u015f implant\u0131 kron<\/strong>,<\/a> k\u00f6pr\u00fc, <a href=\"https:\/\/find-bride-scam.org\/\" style=\"text-decoration: none; color:#333\">find-bride.com scam<\/a>  hareketli di\u015f protezi, y\u00fcz protezi gibi di\u015f protezlerini desteklemek veya ortodontik tedavilerde sabit destek olarak kullanmak i\u00e7in \u00e7ene kemi\u011fi ya da kafatas\u0131 kemiklerinin i\u00e7ine cerrahi uygulama ile yerle\u015ftirilen\t<a href=\"https:\/\/findbridereview.org\/\" style=\"text-decoration: none; color:#333\">find-bride.com scam<\/a>   t\u0131bbi bir \u00fcr\u00fcnd\u00fcr.<\/p>\n<p>her t\u00fcrl\u00fc yerli veya yabanc\u0131 men\u015fei b\u00fct\u00fcn implantlar uygulanmaktad\u0131r.<\/p>\n","protected":false},"excerpt":{"rendered":"<p>Di\u015f implant\u0131 kron, k\u00f6pr\u00fc, find-bride.com scam hareketli di\u015f protezi, y\u00fcz protezi gibi di\u015f protezlerini desteklemek veya ortodontik tedavilerde sabit destek olarak kullanmak i\u00e7in \u00e7ene kemi\u011fi ya da kafatas\u0131 kemiklerinin i\u00e7ine cerrahi uygulama ile yerle\u015ftirilen find-bride.com scam t\u0131bbi bir \u00fcr\u00fcnd\u00fcr. her t\u00fcrl\u00fc yerli veya yabanc\u0131 men\u015fei b\u00fct\u00fcn implantlar uygulanmaktad\u0131r.<\/p>\n","protected":false},"author":1,"featured_media":58,"parent":42,"menu_order":1,"comment_status":"closed","ping_status":"closed","template":"","meta":{"footnotes":""},"_links":{"self":[{"href":"https:\/\/www.dentarose.com\/index.php?rest_route=\/wp\/v2\/pages\/57"}],"collection":[{"href":"https:\/\/www.dentarose.com\/index.php?rest_route=\/wp\/v2\/pages"}],"about":[{"href":"https:\/\/www.dentarose.com\/index.php?rest_route=\/wp\/v2\/types\/page"}],"author":[{"embeddable":true,"href":"https:\/\/www.dentarose.com\/index.php?rest_route=\/wp\/v2\/users\/1"}],"replies":[{"embeddable":true,"href":"https:\/\/www.dentarose.com\/index.php?rest_route=%2Fwp%2Fv2%2Fcomments&post=57"}],"version-history":[{"count":3,"href":"https:\/\/www.dentarose.com\/index.php?rest_route=\/wp\/v2\/pages\/57\/revisions"}],"predecessor-version":[{"id":264,"href":"https:\/\/www.dentarose.com\/index.php?rest_route=\/wp\/v2\/pages\/57\/revisions\/264"}],"up":[{"embeddable":true,"href":"https:\/\/www.dentarose.com\/index.php?rest_route=\/wp\/v2\/pages\/42"}],"wp:featuredmedia":[{"embeddable":true,"href":"https:\/\/www.dentarose.com\/index.php?rest_route=\/wp\/v2\/media\/58"}],"wp:attachment":[{"href":"https:\/\/www.dentarose.com\/index.php?rest_route=%2Fwp%2Fv2%2Fmedia&parent=57"}],"curies":[{"name":"wp","href":"https:\/\/api.w.org\/{rel}","templated":true}]}}